{"id":408,"date":"2023-09-09T00:09:44","date_gmt":"2023-09-08T22:09:44","guid":{"rendered":"https:\/\/www.vivana.org\/?page_id=408"},"modified":"2023-09-09T01:33:03","modified_gmt":"2023-09-08T23:33:03","slug":"managed-service-provider","status":"publish","type":"page","link":"https:\/\/www.vivana.org\/?page_id=408","title":{"rendered":"Managed-Service-Provider"},"content":{"rendered":"<p><img decoding=\"async\" loading=\"lazy\" class=\"wp-image-444 size-full\" src=\"http:\/\/www.vivana.org\/wp-content\/uploads\/2023\/09\/AdobeStock_554763198-scaled.jpeg\" alt=\"\" width=\"2560\" height=\"856\" srcset=\"https:\/\/www.vivana.org\/wp-content\/uploads\/2023\/09\/AdobeStock_554763198-scaled.jpeg 2560w, https:\/\/www.vivana.org\/wp-content\/uploads\/2023\/09\/AdobeStock_554763198-300x100.jpeg 300w, https:\/\/www.vivana.org\/wp-content\/uploads\/2023\/09\/AdobeStock_554763198-1024x342.jpeg 1024w, https:\/\/www.vivana.org\/wp-content\/uploads\/2023\/09\/AdobeStock_554763198-768x257.jpeg 768w, https:\/\/www.vivana.org\/wp-content\/uploads\/2023\/09\/AdobeStock_554763198-1536x513.jpeg 1536w, https:\/\/www.vivana.org\/wp-content\/uploads\/2023\/09\/AdobeStock_554763198-2048x685.jpeg 2048w, https:\/\/www.vivana.org\/wp-content\/uploads\/2023\/09\/AdobeStock_554763198-1140x380.jpeg 1140w\" sizes=\"(max-width: 2560px) 100vw, 2560px\" \/><\/p>\n<p style=\"text-align: center;\"><span style=\"font-size: 14pt;\"><strong>Managed-Service-Provider<\/strong><\/span><\/p>\n<p style=\"text-align: center;\">Zu diesem Begriff gibt es viele Definitionen, welche wir an der Stelle nicht erneut auff\u00fchren m\u00f6chten.<br \/>\nJedoch beschreibt dieser Begriff kurz und knapp unsere Kernkompetenzen.<\/p>\n<p style=\"text-align: center;\">Was uns mit dem Begriff verbindet, steckt in dem Wort &#8222;<strong>Service<\/strong>&#8222;<\/p>\n<p style=\"text-align: center;\">Was wir darunter verstehen, das Sie Ihre IT-Systeme ohne Einschr\u00e4nkungen w\u00e4hrend der Gesch\u00e4ftszeiten nutzen k\u00f6nnen.<\/p>\n<p style=\"text-align: center;\">Wir sind seit 30 Jahren f\u00fcr verschiedene Branchen t\u00e4tig und Sie haben alle eines Gemeinsam.<\/p>\n<p style=\"text-align: center;\"><span style=\"text-decoration: underline;\">Ist ein IT-Systeme au\u00dfer Betrieb, kostet es viel Geld.<\/span><\/p>\n<p style=\"text-align: center;\"><em><strong>Aus dem Grund sind wir f\u00fcr Sie t\u00e4tig, wenn Sie nicht t\u00e4tig sind!<\/strong><\/em><\/p>\n<p>&nbsp;<\/p>\n","protected":false},"excerpt":{"rendered":"<p>Managed-Service-Provider Zu diesem Begriff gibt es viele Definitionen, welche wir an der Stelle nicht erneut auff\u00fchren m\u00f6chten. Jedoch beschreibt dieser Begriff kurz und knapp unsere Kernkompetenzen. Was uns mit dem Begriff verbindet, steckt in dem Wort &#8222;Service&#8222; Was wir darunter verstehen, das Sie Ihre IT-Systeme ohne Einschr\u00e4nkungen w\u00e4hrend der Gesch\u00e4ftszeiten nutzen k\u00f6nnen. Wir sind seit&hellip;<\/p>\n<p class=\"more-link\"><a href=\"https:\/\/www.vivana.org\/?page_id=408\" class=\"themebutton2\">Read More<\/a><\/p>\n","protected":false},"author":1,"featured_media":444,"parent":0,"menu_order":0,"comment_status":"closed","ping_status":"closed","template":"","meta":{"footnotes":""},"categories":[],"tags":[],"_links":{"self":[{"href":"https:\/\/www.vivana.org\/index.php?rest_route=\/wp\/v2\/pages\/408"}],"collection":[{"href":"https:\/\/www.vivana.org\/index.php?rest_route=\/wp\/v2\/pages"}],"about":[{"href":"https:\/\/www.vivana.org\/index.php?rest_route=\/wp\/v2\/types\/page"}],"author":[{"embeddable":true,"href":"https:\/\/www.vivana.org\/index.php?rest_route=\/wp\/v2\/users\/1"}],"replies":[{"embeddable":true,"href":"https:\/\/www.vivana.org\/index.php?rest_route=%2Fwp%2Fv2%2Fcomments&post=408"}],"version-history":[{"count":8,"href":"https:\/\/www.vivana.org\/index.php?rest_route=\/wp\/v2\/pages\/408\/revisions"}],"predecessor-version":[{"id":451,"href":"https:\/\/www.vivana.org\/index.php?rest_route=\/wp\/v2\/pages\/408\/revisions\/451"}],"wp:featuredmedia":[{"embeddable":true,"href":"https:\/\/www.vivana.org\/index.php?rest_route=\/wp\/v2\/media\/444"}],"wp:attachment":[{"href":"https:\/\/www.vivana.org\/index.php?rest_route=%2Fwp%2Fv2%2Fmedia&parent=408"}],"wp:term":[{"taxonomy":"category","embeddable":true,"href":"https:\/\/www.vivana.org\/index.php?rest_route=%2Fwp%2Fv2%2Fcategories&post=408"},{"taxonomy":"post_tag","embeddable":true,"href":"https:\/\/www.vivana.org\/index.php?rest_route=%2Fwp%2Fv2%2Ftags&post=408"}],"curies":[{"name":"wp","href":"https:\/\/api.w.org\/{rel}","templated":true}]}}